{"id":212,"date":"2022-05-01T17:32:35","date_gmt":"2022-05-01T15:32:35","guid":{"rendered":"http:\/\/asnb.brule.fr\/?page_id=212"},"modified":"2024-01-08T18:56:39","modified_gmt":"2024-01-08T17:56:39","slug":"particuliers","status":"publish","type":"page","link":"https:\/\/asnb.brule.fr\/index.php\/particuliers\/","title":{"rendered":"Particuliers"},"content":{"rendered":"\n<p><strong>Cliquez sur la rubrique de votre choix pour demander un devis<\/strong><\/p>\n\n\n\n<meta name=\"viewport\" content=\"width=device-width, initial-scale=1\">\n<style>\n.mybtn2 \n{\npadding: 0;\nwidth:300px;\nheight:40px;\nmargin-bottom:8px;\nmargin-right:10px;\n}\n<\/style>\n\n\n<div>\n<p>\n  <button class=\"mybtn2 popmake-754\"><b>Automobile<\/b><\/button>\n  <br>\n  <button class=\"mybtn2 popmake-773\"><b>Moto &#8211; Scooter<\/b><\/button>\n  <br>\n  <button class=\"mybtn2 popmake-793\"><b>Cyclo<\/b><\/button>\n  <br>\n     <a href=\"https:\/\/parcours-souscription-mrh.insured.fr\/?cxa=BRUL1107982\">\n     <button class=\"mybtn2\"><b>Multirisque Habitation<\/b><\/button>\n     <\/a>\n  <br>\n    <a href=\"https:\/\/parcours-souscription-pno.insured.fr\/?cxa=BRUL1107982\">\n     <button class=\"mybtn2\"><b>Propri\u00e9taire Non Occupant<\/b><\/button>\n    <\/a>\n  <br>\n  <button class=\"mybtn2 popmake-907\"><b>Garanties Accidents de la Vie<\/b><\/button>\n  <br>\n  <button class=\"mybtn2 popmake-967\"><b>Compl\u00e9mentaire Sant\u00e9<\/b><\/button>\n  <br>\n  <button class=\"mybtn2 popmake-965\"><b>Protection Juridique<\/b><\/button>\n  <br>\n  <button class=\"mybtn2\"><b>Drones<\/b><\/button>\n  <br>\n  <button class=\"mybtn2 popmake-962\"><b>Plaisance &#8211; Bateau<\/b><\/button>\n  <br>\n     <a href=\"https:\/\/parcours-souscription-gli.insured.fr?cxa=BRUL1107982\">\n     <button class=\"mybtn2\"><b>Loyers Impay\u00e9s<\/b><\/button>\n     <\/a>\n<\/p>\n<\/div>\n<br>\n\n\n\n<p class=\"has-text-color has-normal-font-size\" style=\"color:#f80000\"><strong>Nos Engagements<\/strong><\/p>\n\n\n\n<p class=\"has-normal-font-size\">Etre ind\u00e9pendant et neutre vis \u00e0 vis des compagnies d\u2019assurances.<br>Etre discret de vos d\u00e9marches et des informations qui nous sont confi\u00e9es. <br>Avoir des garanties et des solutions \u00ab&nbsp;sur mesure&nbsp;\u00bb. <br>Etre votre accompagnant et votre soutien tout au long de la vie de votre contrat<\/p>\n","protected":false},"excerpt":{"rendered":"<p>Cliquez sur la rubrique de votre choix pour demander un devis Automobile Moto &#8211; Scooter Cyclo Multirisque Habitation Propri\u00e9taire Non Occupant Garanties Accidents de la &hellip;<\/p>\n","protected":false},"author":1,"featured_media":0,"parent":0,"menu_order":0,"comment_status":"closed","ping_status":"closed","template":"","meta":{"footnotes":""},"class_list":["post-212","page","type-page","status-publish","hentry"],"yoast_head":"<!-- This site is optimized with the Yoast SEO plugin v27.4 - https:\/\/yoast.com\/product\/yoast-seo-wordpress\/ -->\n<title>Particuliers - Assurances Serge No\u00ebl BRULE<\/title>\n<meta name=\"robots\" content=\"index, follow, max-snippet:-1, max-image-preview:large, max-video-preview:-1\" \/>\n<link rel=\"canonical\" href=\"https:\/\/asnb.brule.fr\/index.php\/particuliers\/\" \/>\n<meta property=\"og:locale\" content=\"fr_FR\" \/>\n<meta property=\"og:type\" content=\"article\" \/>\n<meta property=\"og:title\" content=\"Particuliers - Assurances Serge No\u00ebl BRULE\" \/>\n<meta property=\"og:description\" content=\"Cliquez sur la rubrique de votre choix pour demander un devis Automobile Moto &#8211; Scooter Cyclo Multirisque Habitation Propri\u00e9taire Non Occupant Garanties Accidents de la &hellip;\" \/>\n<meta property=\"og:url\" content=\"https:\/\/asnb.brule.fr\/index.php\/particuliers\/\" \/>\n<meta property=\"og:site_name\" content=\"Assurances Serge No\u00ebl BRULE\" \/>\n<meta property=\"article:modified_time\" content=\"2024-01-08T17:56:39+00:00\" \/>\n<meta name=\"twitter:card\" content=\"summary_large_image\" \/>\n<meta name=\"twitter:label1\" content=\"Dur\u00e9e de lecture estim\u00e9e\" \/>\n\t<meta name=\"twitter:data1\" content=\"1 minute\" \/>\n<script type=\"application\/ld+json\" class=\"yoast-schema-graph\">{\"@context\":\"https:\\\/\\\/schema.org\",\"@graph\":[{\"@type\":\"WebPage\",\"@id\":\"https:\\\/\\\/asnb.brule.fr\\\/index.php\\\/particuliers\\\/\",\"url\":\"https:\\\/\\\/asnb.brule.fr\\\/index.php\\\/particuliers\\\/\",\"name\":\"Particuliers - Assurances Serge No\u00ebl BRULE\",\"isPartOf\":{\"@id\":\"https:\\\/\\\/asnb.brule.fr\\\/#website\"},\"datePublished\":\"2022-05-01T15:32:35+00:00\",\"dateModified\":\"2024-01-08T17:56:39+00:00\",\"breadcrumb\":{\"@id\":\"https:\\\/\\\/asnb.brule.fr\\\/index.php\\\/particuliers\\\/#breadcrumb\"},\"inLanguage\":\"fr-FR\",\"potentialAction\":[{\"@type\":\"ReadAction\",\"target\":[\"https:\\\/\\\/asnb.brule.fr\\\/index.php\\\/particuliers\\\/\"]}]},{\"@type\":\"BreadcrumbList\",\"@id\":\"https:\\\/\\\/asnb.brule.fr\\\/index.php\\\/particuliers\\\/#breadcrumb\",\"itemListElement\":[{\"@type\":\"ListItem\",\"position\":1,\"name\":\"Accueil\",\"item\":\"https:\\\/\\\/asnb.brule.fr\\\/\"},{\"@type\":\"ListItem\",\"position\":2,\"name\":\"Particuliers\"}]},{\"@type\":\"WebSite\",\"@id\":\"https:\\\/\\\/asnb.brule.fr\\\/#website\",\"url\":\"https:\\\/\\\/asnb.brule.fr\\\/\",\"name\":\"Assurances Serge No\u00ebl BRULE\",\"description\":\"Courtier en assurances\",\"publisher\":{\"@id\":\"https:\\\/\\\/asnb.brule.fr\\\/#organization\"},\"potentialAction\":[{\"@type\":\"SearchAction\",\"target\":{\"@type\":\"EntryPoint\",\"urlTemplate\":\"https:\\\/\\\/asnb.brule.fr\\\/?s={search_term_string}\"},\"query-input\":{\"@type\":\"PropertyValueSpecification\",\"valueRequired\":true,\"valueName\":\"search_term_string\"}}],\"inLanguage\":\"fr-FR\"},{\"@type\":\"Organization\",\"@id\":\"https:\\\/\\\/asnb.brule.fr\\\/#organization\",\"name\":\"Assurances Serge No\u00ebl BRULE\",\"url\":\"https:\\\/\\\/asnb.brule.fr\\\/\",\"logo\":{\"@type\":\"ImageObject\",\"inLanguage\":\"fr-FR\",\"@id\":\"https:\\\/\\\/asnb.brule.fr\\\/#\\\/schema\\\/logo\\\/image\\\/\",\"url\":\"https:\\\/\\\/asnb.brule.fr\\\/wp-content\\\/uploads\\\/2022\\\/04\\\/Logo-ASNB-Web.gif\",\"contentUrl\":\"https:\\\/\\\/asnb.brule.fr\\\/wp-content\\\/uploads\\\/2022\\\/04\\\/Logo-ASNB-Web.gif\",\"width\":359,\"height\":324,\"caption\":\"Assurances Serge No\u00ebl BRULE\"},\"image\":{\"@id\":\"https:\\\/\\\/asnb.brule.fr\\\/#\\\/schema\\\/logo\\\/image\\\/\"}}]}<\/script>\n<!-- \/ Yoast SEO plugin. -->","yoast_head_json":{"title":"Particuliers - Assurances Serge No\u00ebl BRULE","robots":{"index":"index","follow":"follow","max-snippet":"max-snippet:-1","max-image-preview":"max-image-preview:large","max-video-preview":"max-video-preview:-1"},"canonical":"https:\/\/asnb.brule.fr\/index.php\/particuliers\/","og_locale":"fr_FR","og_type":"article","og_title":"Particuliers - Assurances Serge No\u00ebl BRULE","og_description":"Cliquez sur la rubrique de votre choix pour demander un devis Automobile Moto &#8211; Scooter Cyclo Multirisque Habitation Propri\u00e9taire Non Occupant Garanties Accidents de la &hellip;","og_url":"https:\/\/asnb.brule.fr\/index.php\/particuliers\/","og_site_name":"Assurances Serge No\u00ebl BRULE","article_modified_time":"2024-01-08T17:56:39+00:00","twitter_card":"summary_large_image","twitter_misc":{"Dur\u00e9e de lecture estim\u00e9e":"1 minute"},"schema":{"@context":"https:\/\/schema.org","@graph":[{"@type":"WebPage","@id":"https:\/\/asnb.brule.fr\/index.php\/particuliers\/","url":"https:\/\/asnb.brule.fr\/index.php\/particuliers\/","name":"Particuliers - Assurances Serge No\u00ebl BRULE","isPartOf":{"@id":"https:\/\/asnb.brule.fr\/#website"},"datePublished":"2022-05-01T15:32:35+00:00","dateModified":"2024-01-08T17:56:39+00:00","breadcrumb":{"@id":"https:\/\/asnb.brule.fr\/index.php\/particuliers\/#breadcrumb"},"inLanguage":"fr-FR","potentialAction":[{"@type":"ReadAction","target":["https:\/\/asnb.brule.fr\/index.php\/particuliers\/"]}]},{"@type":"BreadcrumbList","@id":"https:\/\/asnb.brule.fr\/index.php\/particuliers\/#breadcrumb","itemListElement":[{"@type":"ListItem","position":1,"name":"Accueil","item":"https:\/\/asnb.brule.fr\/"},{"@type":"ListItem","position":2,"name":"Particuliers"}]},{"@type":"WebSite","@id":"https:\/\/asnb.brule.fr\/#website","url":"https:\/\/asnb.brule.fr\/","name":"Assurances Serge No\u00ebl BRULE","description":"Courtier en assurances","publisher":{"@id":"https:\/\/asnb.brule.fr\/#organization"},"potentialAction":[{"@type":"SearchAction","target":{"@type":"EntryPoint","urlTemplate":"https:\/\/asnb.brule.fr\/?s={search_term_string}"},"query-input":{"@type":"PropertyValueSpecification","valueRequired":true,"valueName":"search_term_string"}}],"inLanguage":"fr-FR"},{"@type":"Organization","@id":"https:\/\/asnb.brule.fr\/#organization","name":"Assurances Serge No\u00ebl BRULE","url":"https:\/\/asnb.brule.fr\/","logo":{"@type":"ImageObject","inLanguage":"fr-FR","@id":"https:\/\/asnb.brule.fr\/#\/schema\/logo\/image\/","url":"https:\/\/asnb.brule.fr\/wp-content\/uploads\/2022\/04\/Logo-ASNB-Web.gif","contentUrl":"https:\/\/asnb.brule.fr\/wp-content\/uploads\/2022\/04\/Logo-ASNB-Web.gif","width":359,"height":324,"caption":"Assurances Serge No\u00ebl BRULE"},"image":{"@id":"https:\/\/asnb.brule.fr\/#\/schema\/logo\/image\/"}}]}},"_links":{"self":[{"href":"https:\/\/asnb.brule.fr\/index.php\/wp-json\/wp\/v2\/pages\/212","targetHints":{"allow":["GET"]}}],"collection":[{"href":"https:\/\/asnb.brule.fr\/index.php\/wp-json\/wp\/v2\/pages"}],"about":[{"href":"https:\/\/asnb.brule.fr\/index.php\/wp-json\/wp\/v2\/types\/page"}],"author":[{"embeddable":true,"href":"https:\/\/asnb.brule.fr\/index.php\/wp-json\/wp\/v2\/users\/1"}],"replies":[{"embeddable":true,"href":"https:\/\/asnb.brule.fr\/index.php\/wp-json\/wp\/v2\/comments?post=212"}],"version-history":[{"count":37,"href":"https:\/\/asnb.brule.fr\/index.php\/wp-json\/wp\/v2\/pages\/212\/revisions"}],"predecessor-version":[{"id":1016,"href":"https:\/\/asnb.brule.fr\/index.php\/wp-json\/wp\/v2\/pages\/212\/revisions\/1016"}],"wp:attachment":[{"href":"https:\/\/asnb.brule.fr\/index.php\/wp-json\/wp\/v2\/media?parent=212"}],"curies":[{"name":"wp","href":"https:\/\/api.w.org\/{rel}","templated":true}]}}