{"id":33,"date":"2022-04-30T14:27:30","date_gmt":"2022-04-30T12:27:30","guid":{"rendered":"http:\/\/asnb.brule.fr\/?page_id=33"},"modified":"2022-08-09T14:40:02","modified_gmt":"2022-08-09T12:40:02","slug":"presentation","status":"publish","type":"page","link":"https:\/\/asnb.brule.fr\/","title":{"rendered":"Pr\u00e9sentation"},"content":{"rendered":"\n<p><strong>Notre mission<\/strong><\/p>\n\n\n\n<p>Notre volont\u00e9 est de vous servir par la mise en place d&rsquo;une cellule d&rsquo;information et de communication sp\u00e9cialis\u00e9e sur les assurances dommage et de responsabilit\u00e9 civile du professionnel et \u00e9galement du particulier.<\/p>\n\n\n\n<p>Nous nous efforcerons de vous donner une information synth\u00e9tique et objective d&rsquo;un probl\u00e8me que vous nous transmettrez pour vous obtenir la couverture la plus avantageuse en garantie rapport Qualit\u00e9-Prix sur le march\u00e9, notamment gr\u00e2ce au jeu de la concurrence entre nos diff\u00e9rents fournisseurs.<\/p>\n\n\n\n<p><strong>Profil de l&rsquo;entreprise<\/strong><\/p>\n\n\n\n<p>Un courtier ou une soci\u00e9t\u00e9 de Courtage en Assurances est mandataire du client. Ils sont ind\u00e9pendant . En revanche, L&rsquo;agent travaille pour le compte d&rsquo;une compagnie d&rsquo;assurances en particulier. Il la repr\u00e9sente, l&rsquo;engage, et est exclusivement li\u00e9 \u00e0 elle.<\/p>\n\n\n\n<p><strong>La soci\u00e9t\u00e9 de courtage a des accords avec plusieurs compagnies. Elles lui donnent leurs tarifs pour le proposer \u00e0 ses assur\u00e9s.<\/strong><\/p>\n\n\n\n<p>En votre qualit\u00e9 de client,<br>\u00cates-vous sur que l\u2019assurance propos\u00e9e est bien adapt\u00e9e \u00e0 votre besoin ?<br>\u00cates-vous arm\u00e9 pour en appr\u00e9cier toutes les subtilit\u00e9s ?<br>Quels crit\u00e8res devez-vous appliquer pour choisir telle compagnie d\u2019assurances ou tel contrat ?<br>Vos risques sont-ils bien identifi\u00e9s ?<br>\u00cates-vous s\u00fbr de b\u00e9n\u00e9ficier d&rsquo;un contrat adapt\u00e9 \u00e0 votre situation et dans les meilleures conditions tarifaires ?<\/p>\n\n\n\n<p>Investissement indispensable pour r\u00e9pondre au besoin de s\u00e9curit\u00e9 et de protection, l\u2019assurance est un domaine complexe. Elle utilise les r\u00e8gles du droit et de la finance appliqu\u00e9es \u00e0 toutes les techniques de l\u2019industrie, des services et du commerce. Elle s\u2019inscrit \u00e9galement dans un march\u00e9 international o\u00f9 de multiples acteurs se c\u00f4toient : compagnies d\u2019assurances, mutuelles, banques, institutions de pr\u00e9voyance, etc\u2026<\/p>\n\n\n\n<p>Les contrats d\u2019assurance sont souvent d\u2019une lecture compliqu\u00e9e, difficilement comparables entre eux et les rapports qualit\u00e9\/prix tr\u00e8s variables. Le choix d\u2019une assurance m\u00e9rite attention et savoir-faire. Les cons\u00e9quences d\u2019un mauvais choix ne seront visibles que le jour du sinistre, malheureusement trop tard.<\/p>\n\n\n\n<p>Dans ce contexte complexe et concurrentiel, le Courtier d\u2019assurance exprime pleinement ses comp\u00e9tences de consultant : ind\u00e9pendant des compagnies d\u2019assurances,<\/p>\n\n\n\n<ul class=\"wp-block-list\"><li>Il aide et conseille au choix d\u2019un contrat.<\/li><li>Il d\u00e9fend les int\u00e9r\u00eats des assur\u00e9s. <\/li><li>Il anticipe l\u2019\u00e9volution de l\u2019activit\u00e9 ou du cadre de vie de son client pour mieux le prot\u00e9ger.<\/li><\/ul>\n\n\n\n<p>Entour\u00e9 d\u2019\u00e9quipes de sp\u00e9cialistes \u2013 juristes, ing\u00e9nieurs, financiers <br>le Courtier d\u2019assurances d\u00e9veloppe une expertise qu\u2019il met au service de ses clients et assure une veille permanente qui conforte sa capacit\u00e9 d\u2019innovation.<\/p>\n\n\n\n<p>Ainsi, il est \u00e0 m\u00eame d\u2019apporter des r\u00e9ponses, fond\u00e9es sur une analyse pr\u00e9cise tenant compte \u00e0 la fois des besoins clairement identifi\u00e9s des assur\u00e9s et de l\u2019offre des assureurs.<\/p>\n\n\n\n<p>Ses atouts et comp\u00e9tences lui permettent de ma\u00eetriser :<\/p>\n\n\n\n<p>Tous les domaines d\u2019activit\u00e9s d\u2019une client\u00e8le se composant aussi bien d\u2019industriels, de commer\u00e7ants, de professions lib\u00e9rales que de particuliers,<br>Toutes les formes d\u2019assurances pour :<\/p>\n\n\n\n<ul class=\"wp-block-list\"><li>La protection des biens <\/li><li>La protection des personnes <\/li><li>Faire face \u00e0 ses responsabilit\u00e9s civiles et\/ou professionnelles<\/li><li>se prot\u00e9ger des pertes financi\u00e8res<\/li><\/ul>\n\n\n\n<p>Choisir un contrat d\u2019assurance parmi toutes les propositions est une d\u00e9cision difficile, une responsabilit\u00e9 tant pour le particulier que pour le chef d\u2019entreprise.<\/p>\n\n\n\n<p>S\u2019adjoindre les comp\u00e9tences d\u2019un Courtier d\u2019assurances, c\u2019est utiliser un sp\u00e9cialiste qui, v\u00e9ritable partenaire, s\u2019engage \u00e0 apporter le meilleur service et \u00e0 d\u00e9fendre exclusivement les int\u00e9r\u00eats de son client.<\/p>\n\n\n\n<p>Son intervention consiste \u00e0 :<\/p>\n\n\n\n<ul class=\"wp-block-list\"><li>\u00e9tudier les sp\u00e9cificit\u00e9s de son client,<\/li><li>\u00e9laborer un plan d\u2019assurance,<\/li><li>adapter des contrats aux besoins de son client,<\/li><li>suivre la conception du produit,<\/li><li>et si un sinistre survient, assister son client pour obtenir de l\u2019assureur le juste r\u00e8glement dans les meilleurs d\u00e9lais.<\/li><\/ul>\n\n\n\n<p>Responsable vis-\u00e0-vis de son client, le Courtier d\u2019assurances s\u2019assure que chaque \u00e9tape se d\u00e9roule dans les meilleures conditions pour celui-ci.<\/p>\n\n\n\n<p>La vocation du courtier d&rsquo;assurances est de repr\u00e9senter et de d\u00e9fendre les int\u00e9r\u00eats de son client : entreprise ou particulier. <br>Traditionnellement, cette mission se traduisait par la mise en concurrence des assureurs, la n\u00e9gociation des clauses du contrat et des reglements de sinistre. Graduellement, le courtier a \u00e9largi son champ d&rsquo;action et vu ses missions \u00e9voluer. Aujourd&rsquo;hui, le grand courtage europ\u00e9en est tr\u00e8s sensiblement diff\u00e9rent de ce qu&rsquo;il \u00e9tait, il y a encore 20 ans, suivant, en cela, le modele am\u00e9ricain. D\u00e9sormais, il doit \u00eatre capable de conseiller au plus pr\u00e8s ses clients sur l&rsquo;ensemble de la gestion de leurs risques. La gestion globale des risques est devenue un v\u00e9ritable levier de comp\u00e9titivit\u00e9.<\/p>\n\n\n\n<p>Notre entreprise est n\u00e9 le 2 Avril 1995, sur le fond de commerce laiss\u00e9 par Mr. Brul\u00e9 Serge Lucien, ce dernier souhaitait \u00eatre proche par dessus tout des clients dont il avait la charge, aujourd&rsquo;hui comme hier \u00e0 l&rsquo;aide des technologies modernes, nous nous sommes promis de garder cette m\u00eame philosophie.<\/p>\n\n\n\n<p><\/p>\n\n\n\n<ul class=\"wp-block-social-links is-style-pill-shape is-layout-flex wp-block-social-links-is-layout-flex\" id=\"https:\/\/www.facebook.com\/BVS-Patrimoine-101054525927330\"><\/ul>\n\n\n\n<p id=\"https:\/\/www.facebook.com\/\"><\/p>\n\n\n<div class=\"wp-block-image\">\n<figure class=\"aligncenter size-full is-resized\"><img loading=\"lazy\" decoding=\"async\" src=\"https:\/\/asnb.brule.fr\/wp-content\/uploads\/2022\/05\/Serge-Lucien-Brule\u0301-37.png\" alt=\"Serge Lucien Brul\u00e9\" class=\"wp-image-69\" width=\"226\" height=\"307\" srcset=\"https:\/\/asnb.brule.fr\/wp-content\/uploads\/2022\/05\/Serge-Lucien-Brule\u0301-37.png 301w, https:\/\/asnb.brule.fr\/wp-content\/uploads\/2022\/05\/Serge-Lucien-Brule\u0301-37-221x300.png 221w\" sizes=\"auto, (max-width: 226px) 100vw, 226px\" \/><figcaption>Serge Lucien Brul\u00e9<\/figcaption><\/figure>\n<\/div>\n\n\n<p><strong>Evolution<\/strong><\/p>\n\n\n\n<p>Depuis 06 Avril 2021, nous avons cr\u00e9\u00e9 une nouvelle soci\u00e9t\u00e9 de courtage portant le nom de <a href=\"Https:\/\/BVS-patrimoine.com\">BVS Patrimoine <\/a> et deux nouveaux associ\u00e9s, M Cl\u00e9ment VAYSSETTE et M Lo\u00efc SAINTIGNY sont venus en renfort pour traiter les demandes d\u2019assurance li\u00e9es \u00e0 :<\/p>\n\n\n\n<ul class=\"wp-block-list\"><li>L\u2019assurance Emprunteur<\/li><li>L\u2019assurance de pr\u00e9voyance<\/li><li>Le placement d\u2019assurance vie et de capitalisation dont ils sont sp\u00e9cialis\u00e9s.<\/li><\/ul>\n","protected":false},"excerpt":{"rendered":"<p>Notre mission Notre volont\u00e9 est de vous servir par la mise en place d&rsquo;une cellule d&rsquo;information et de communication sp\u00e9cialis\u00e9e sur les assurances dommage et &hellip;<\/p>\n","protected":false},"author":1,"featured_media":0,"parent":0,"menu_order":0,"comment_status":"closed","ping_status":"closed","template":"","meta":{"footnotes":""},"class_list":["post-33","page","type-page","status-publish","hentry"],"yoast_head":"<!-- This site is optimized with the Yoast SEO plugin v27.4 - https:\/\/yoast.com\/product\/yoast-seo-wordpress\/ -->\n<title>Pr\u00e9sentation - Assurances Serge No\u00ebl BRULE<\/title>\n<meta name=\"robots\" content=\"index, follow, max-snippet:-1, max-image-preview:large, max-video-preview:-1\" \/>\n<link rel=\"canonical\" href=\"https:\/\/asnb.brule.fr\/\" \/>\n<meta property=\"og:locale\" content=\"fr_FR\" \/>\n<meta property=\"og:type\" content=\"article\" \/>\n<meta property=\"og:title\" content=\"Pr\u00e9sentation - Assurances Serge No\u00ebl BRULE\" \/>\n<meta property=\"og:description\" content=\"Notre mission Notre volont\u00e9 est de vous servir par la mise en place d&rsquo;une cellule d&rsquo;information et de communication sp\u00e9cialis\u00e9e sur les assurances dommage et &hellip;\" \/>\n<meta property=\"og:url\" content=\"https:\/\/asnb.brule.fr\/\" \/>\n<meta property=\"og:site_name\" content=\"Assurances Serge No\u00ebl BRULE\" \/>\n<meta property=\"article:modified_time\" content=\"2022-08-09T12:40:02+00:00\" \/>\n<meta name=\"twitter:card\" content=\"summary_large_image\" \/>\n<meta name=\"twitter:label1\" content=\"Dur\u00e9e de lecture estim\u00e9e\" \/>\n\t<meta name=\"twitter:data1\" content=\"5 minutes\" \/>\n<script type=\"application\/ld+json\" class=\"yoast-schema-graph\">{\"@context\":\"https:\\\/\\\/schema.org\",\"@graph\":[{\"@type\":\"WebPage\",\"@id\":\"https:\\\/\\\/asnb.brule.fr\\\/\",\"url\":\"https:\\\/\\\/asnb.brule.fr\\\/\",\"name\":\"Pr\u00e9sentation - Assurances Serge No\u00ebl BRULE\",\"isPartOf\":{\"@id\":\"https:\\\/\\\/asnb.brule.fr\\\/#website\"},\"datePublished\":\"2022-04-30T12:27:30+00:00\",\"dateModified\":\"2022-08-09T12:40:02+00:00\",\"breadcrumb\":{\"@id\":\"https:\\\/\\\/asnb.brule.fr\\\/#breadcrumb\"},\"inLanguage\":\"fr-FR\",\"potentialAction\":[{\"@type\":\"ReadAction\",\"target\":[\"https:\\\/\\\/asnb.brule.fr\\\/\"]}]},{\"@type\":\"BreadcrumbList\",\"@id\":\"https:\\\/\\\/asnb.brule.fr\\\/#breadcrumb\",\"itemListElement\":[{\"@type\":\"ListItem\",\"position\":1,\"name\":\"Accueil\",\"item\":\"https:\\\/\\\/asnb.brule.fr\\\/\"},{\"@type\":\"ListItem\",\"position\":2,\"name\":\"Pr\u00e9sentation\"}]},{\"@type\":\"WebSite\",\"@id\":\"https:\\\/\\\/asnb.brule.fr\\\/#website\",\"url\":\"https:\\\/\\\/asnb.brule.fr\\\/\",\"name\":\"Assurances Serge No\u00ebl BRULE\",\"description\":\"Courtier en assurances\",\"publisher\":{\"@id\":\"https:\\\/\\\/asnb.brule.fr\\\/#organization\"},\"potentialAction\":[{\"@type\":\"SearchAction\",\"target\":{\"@type\":\"EntryPoint\",\"urlTemplate\":\"https:\\\/\\\/asnb.brule.fr\\\/?s={search_term_string}\"},\"query-input\":{\"@type\":\"PropertyValueSpecification\",\"valueRequired\":true,\"valueName\":\"search_term_string\"}}],\"inLanguage\":\"fr-FR\"},{\"@type\":\"Organization\",\"@id\":\"https:\\\/\\\/asnb.brule.fr\\\/#organization\",\"name\":\"Assurances Serge No\u00ebl BRULE\",\"url\":\"https:\\\/\\\/asnb.brule.fr\\\/\",\"logo\":{\"@type\":\"ImageObject\",\"inLanguage\":\"fr-FR\",\"@id\":\"https:\\\/\\\/asnb.brule.fr\\\/#\\\/schema\\\/logo\\\/image\\\/\",\"url\":\"https:\\\/\\\/asnb.brule.fr\\\/wp-content\\\/uploads\\\/2022\\\/04\\\/Logo-ASNB-Web.gif\",\"contentUrl\":\"https:\\\/\\\/asnb.brule.fr\\\/wp-content\\\/uploads\\\/2022\\\/04\\\/Logo-ASNB-Web.gif\",\"width\":359,\"height\":324,\"caption\":\"Assurances Serge No\u00ebl BRULE\"},\"image\":{\"@id\":\"https:\\\/\\\/asnb.brule.fr\\\/#\\\/schema\\\/logo\\\/image\\\/\"}}]}<\/script>\n<!-- \/ Yoast SEO plugin. -->","yoast_head_json":{"title":"Pr\u00e9sentation - Assurances Serge No\u00ebl BRULE","robots":{"index":"index","follow":"follow","max-snippet":"max-snippet:-1","max-image-preview":"max-image-preview:large","max-video-preview":"max-video-preview:-1"},"canonical":"https:\/\/asnb.brule.fr\/","og_locale":"fr_FR","og_type":"article","og_title":"Pr\u00e9sentation - Assurances Serge No\u00ebl BRULE","og_description":"Notre mission Notre volont\u00e9 est de vous servir par la mise en place d&rsquo;une cellule d&rsquo;information et de communication sp\u00e9cialis\u00e9e sur les assurances dommage et &hellip;","og_url":"https:\/\/asnb.brule.fr\/","og_site_name":"Assurances Serge No\u00ebl BRULE","article_modified_time":"2022-08-09T12:40:02+00:00","twitter_card":"summary_large_image","twitter_misc":{"Dur\u00e9e de lecture estim\u00e9e":"5 minutes"},"schema":{"@context":"https:\/\/schema.org","@graph":[{"@type":"WebPage","@id":"https:\/\/asnb.brule.fr\/","url":"https:\/\/asnb.brule.fr\/","name":"Pr\u00e9sentation - Assurances Serge No\u00ebl BRULE","isPartOf":{"@id":"https:\/\/asnb.brule.fr\/#website"},"datePublished":"2022-04-30T12:27:30+00:00","dateModified":"2022-08-09T12:40:02+00:00","breadcrumb":{"@id":"https:\/\/asnb.brule.fr\/#breadcrumb"},"inLanguage":"fr-FR","potentialAction":[{"@type":"ReadAction","target":["https:\/\/asnb.brule.fr\/"]}]},{"@type":"BreadcrumbList","@id":"https:\/\/asnb.brule.fr\/#breadcrumb","itemListElement":[{"@type":"ListItem","position":1,"name":"Accueil","item":"https:\/\/asnb.brule.fr\/"},{"@type":"ListItem","position":2,"name":"Pr\u00e9sentation"}]},{"@type":"WebSite","@id":"https:\/\/asnb.brule.fr\/#website","url":"https:\/\/asnb.brule.fr\/","name":"Assurances Serge No\u00ebl BRULE","description":"Courtier en assurances","publisher":{"@id":"https:\/\/asnb.brule.fr\/#organization"},"potentialAction":[{"@type":"SearchAction","target":{"@type":"EntryPoint","urlTemplate":"https:\/\/asnb.brule.fr\/?s={search_term_string}"},"query-input":{"@type":"PropertyValueSpecification","valueRequired":true,"valueName":"search_term_string"}}],"inLanguage":"fr-FR"},{"@type":"Organization","@id":"https:\/\/asnb.brule.fr\/#organization","name":"Assurances Serge No\u00ebl BRULE","url":"https:\/\/asnb.brule.fr\/","logo":{"@type":"ImageObject","inLanguage":"fr-FR","@id":"https:\/\/asnb.brule.fr\/#\/schema\/logo\/image\/","url":"https:\/\/asnb.brule.fr\/wp-content\/uploads\/2022\/04\/Logo-ASNB-Web.gif","contentUrl":"https:\/\/asnb.brule.fr\/wp-content\/uploads\/2022\/04\/Logo-ASNB-Web.gif","width":359,"height":324,"caption":"Assurances Serge No\u00ebl BRULE"},"image":{"@id":"https:\/\/asnb.brule.fr\/#\/schema\/logo\/image\/"}}]}},"_links":{"self":[{"href":"https:\/\/asnb.brule.fr\/index.php\/wp-json\/wp\/v2\/pages\/33","targetHints":{"allow":["GET"]}}],"collection":[{"href":"https:\/\/asnb.brule.fr\/index.php\/wp-json\/wp\/v2\/pages"}],"about":[{"href":"https:\/\/asnb.brule.fr\/index.php\/wp-json\/wp\/v2\/types\/page"}],"author":[{"embeddable":true,"href":"https:\/\/asnb.brule.fr\/index.php\/wp-json\/wp\/v2\/users\/1"}],"replies":[{"embeddable":true,"href":"https:\/\/asnb.brule.fr\/index.php\/wp-json\/wp\/v2\/comments?post=33"}],"version-history":[{"count":26,"href":"https:\/\/asnb.brule.fr\/index.php\/wp-json\/wp\/v2\/pages\/33\/revisions"}],"predecessor-version":[{"id":925,"href":"https:\/\/asnb.brule.fr\/index.php\/wp-json\/wp\/v2\/pages\/33\/revisions\/925"}],"wp:attachment":[{"href":"https:\/\/asnb.brule.fr\/index.php\/wp-json\/wp\/v2\/media?parent=33"}],"curies":[{"name":"wp","href":"https:\/\/api.w.org\/{rel}","templated":true}]}}