{"id":499,"date":"2022-05-03T18:20:29","date_gmt":"2022-05-03T16:20:29","guid":{"rendered":"https:\/\/asnb.brule.fr\/?page_id=499"},"modified":"2022-05-13T18:06:59","modified_gmt":"2022-05-13T16:06:59","slug":"mentions-legales","status":"publish","type":"page","link":"https:\/\/asnb.brule.fr\/index.php\/mentions-legales\/","title":{"rendered":"Mentions l\u00e9gales"},"content":{"rendered":"\n<p><strong>\u00c9diteur&nbsp;<\/strong><\/p>\n\n\n\n<p>Vous \u00eates actuellement connect\u00e9 \u00e0 l\u2019un des sites web du cabinet<br><br>Assces Serge No\u00ebl Brul\u00e9<br>48, all\u00e9e Balzac &nbsp;93320 Les Pavillons sous Bois<br><br>Responsable du site : Serge No\u00ebl Brul\u00e9.<\/p>\n\n\n\n<p><br><strong>H\u00e9bergement<\/strong><br>Ce site est h\u00e9berg\u00e9 par OVH &#8211; 2 rue Kellermann \u2013 BP 80157 59053 ROUBAIX CEDEX 1 <br><br><strong>La protection des donn\u00e9es personnelles sur le site<\/strong><br>Un correspondant \u00e0 la protection des donn\u00e9es \u00e0 caract\u00e8re personnel a \u00e9t\u00e9 d\u00e9sign\u00e9, il est joignable \u00e0 l\u2019adresse suivante : <a href=\"mailto:informatique@brule.fr\">informatique@brule.fr<\/a><\/p>\n\n\n\n<p>Les donn\u00e9es \u00e0 caract\u00e8re personnel sont collect\u00e9es afin de r\u00e9pondre \u00e0 la demande exprim\u00e9e par l\u2019internaute qui utilise l\u2019un des formulaires ou la messagerie du site.<\/p>\n\n\n\n<p>Ce site respecte les r\u00e8gles suivantes :<\/p>\n\n\n\n<p>1. Pas d\u2019information collect\u00e9e \u00e0 l\u2019insu de l\u2019internaute<br>2. Pas de cession \u00e0 des tiers<br>3. Pas d\u2019usage des informations collect\u00e9es au-del\u00e0 du traitement de la demande ou d\u2019une dur\u00e9e d\u2019un an si l\u2019internaute a accept\u00e9 d\u2019\u00eatre joint ult\u00e9rieurement (case \u00e0 cocher sur le formulaire)<\/p>\n\n\n\n<p>Conform\u00e9ment \u00e0 la l\u00e9gislation en vigueur, vous disposez d\u2019un droit d\u2019acc\u00e8s que vous pouvez exercer aupr\u00e8s du correspondant \u00e0 la protection des donn\u00e9es \u00e0 caract\u00e8re personnel Vous disposez \u00e9galement d&rsquo;un droit de modification, de rectification et de suppression des donn\u00e9es \u00e0 caract\u00e8re personnel vous concernant que vous pouvez exercer aupr\u00e8s de\u00a0<a href=\"mailto:informatique@brule.fr\">informatique@brule.fr<\/a>\u00a0ou en cas de difficult\u00e9, aupr\u00e8s de <a href=\"mailto:snb@brule.fr\">snb@brule.fr<\/a><\/p>\n\n\n\n<p><strong>Droit d&rsquo;auteur &#8211; Copyright<\/strong><br>L&rsquo;ensemble de ce site rel\u00e8ve de la l\u00e9gislation fran\u00e7aise et internationale sur la propri\u00e9t\u00e9 intellectuelle. Tous les droits de reproduction sont r\u00e9serv\u00e9s, y compris pour les documents t\u00e9l\u00e9chargeables et les repr\u00e9sentations iconographiques et photographiques.<br>La reproduction de tout ou partie de ce site sur un support \u00e9lectronique quel qu&rsquo;il soit est formellement interdite sauf autorisation expresse du directeur de la publication.<br>Le site permet d\u2019acc\u00e9der \u00e0 des services en lignes&nbsp;: les conditions d\u2019acc\u00e8s et d\u2019utilisation de ces services en ligne sont pr\u00e9cis\u00e9es dans les Conditions g\u00e9n\u00e9rales d\u2019utilisation du site et des services en ligne.<br>Les marques cit\u00e9es sur ce site sont d\u00e9pos\u00e9es par les soci\u00e9t\u00e9s qui en sont propri\u00e9taires.<\/p>\n\n\n\n<p><strong>Adresses \u00e9lectroniques ou num\u00e9ros de fax mis en ligne<\/strong><br>Ce type d\u2019information est mis en ligne afin de permettre \u00e0 l\u2019internaute d\u2019acc\u00e9der plus rapidement \u00e0 l\u2019information recherch\u00e9e. Il ne peut \u00eatre utilis\u00e9 \u00e0 d\u2019autres fins et notamment de prospection commerciale. Le non respect de cette interdiction expose le contrevenant \u00e0 des poursuites.<\/p>\n\n\n\n<p><strong>Fonctionnement<\/strong><br>Pour toute remarque sur le fonctionnement du site, veuillez adresser un message au webmestre <a href=\"mailto:informatique@brule.fr\">informatique@brule.fr<\/a><br>ou \u00e9crivez \u00e0<br>Serge No\u00ebl Brul\u00e9,\u00a048, all\u00e9e Balzac \u00a093320 Les Pavillons sous Bois<\/p>\n","protected":false},"excerpt":{"rendered":"<p>\u00c9diteur&nbsp; Vous \u00eates actuellement connect\u00e9 \u00e0 l\u2019un des sites web du cabinet Assces Serge No\u00ebl Brul\u00e948, all\u00e9e Balzac &nbsp;93320 Les Pavillons sous Bois Responsable du &hellip;<\/p>\n","protected":false},"author":1,"featured_media":0,"parent":0,"menu_order":0,"comment_status":"closed","ping_status":"closed","template":"","meta":{"footnotes":""},"class_list":["post-499","page","type-page","status-publish","hentry"],"yoast_head":"<!-- This site is optimized with the Yoast SEO plugin v27.4 - https:\/\/yoast.com\/product\/yoast-seo-wordpress\/ -->\n<title>Mentions l\u00e9gales - Assurances Serge No\u00ebl BRULE<\/title>\n<meta name=\"robots\" content=\"index, follow, max-snippet:-1, max-image-preview:large, max-video-preview:-1\" \/>\n<link rel=\"canonical\" href=\"https:\/\/asnb.brule.fr\/index.php\/mentions-legales\/\" \/>\n<meta property=\"og:locale\" content=\"fr_FR\" \/>\n<meta property=\"og:type\" content=\"article\" \/>\n<meta property=\"og:title\" content=\"Mentions l\u00e9gales - Assurances Serge No\u00ebl BRULE\" \/>\n<meta property=\"og:description\" content=\"\u00c9diteur&nbsp; Vous \u00eates actuellement connect\u00e9 \u00e0 l\u2019un des sites web du cabinet Assces Serge No\u00ebl Brul\u00e948, all\u00e9e Balzac &nbsp;93320 Les Pavillons sous Bois Responsable du &hellip;\" \/>\n<meta property=\"og:url\" content=\"https:\/\/asnb.brule.fr\/index.php\/mentions-legales\/\" \/>\n<meta property=\"og:site_name\" content=\"Assurances Serge No\u00ebl BRULE\" \/>\n<meta property=\"article:modified_time\" content=\"2022-05-13T16:06:59+00:00\" \/>\n<meta name=\"twitter:card\" content=\"summary_large_image\" \/>\n<meta name=\"twitter:label1\" content=\"Dur\u00e9e de lecture estim\u00e9e\" \/>\n\t<meta name=\"twitter:data1\" content=\"3 minutes\" \/>\n<script type=\"application\/ld+json\" class=\"yoast-schema-graph\">{\"@context\":\"https:\\\/\\\/schema.org\",\"@graph\":[{\"@type\":\"WebPage\",\"@id\":\"https:\\\/\\\/asnb.brule.fr\\\/index.php\\\/mentions-legales\\\/\",\"url\":\"https:\\\/\\\/asnb.brule.fr\\\/index.php\\\/mentions-legales\\\/\",\"name\":\"Mentions l\u00e9gales - Assurances Serge No\u00ebl BRULE\",\"isPartOf\":{\"@id\":\"https:\\\/\\\/asnb.brule.fr\\\/#website\"},\"datePublished\":\"2022-05-03T16:20:29+00:00\",\"dateModified\":\"2022-05-13T16:06:59+00:00\",\"breadcrumb\":{\"@id\":\"https:\\\/\\\/asnb.brule.fr\\\/index.php\\\/mentions-legales\\\/#breadcrumb\"},\"inLanguage\":\"fr-FR\",\"potentialAction\":[{\"@type\":\"ReadAction\",\"target\":[\"https:\\\/\\\/asnb.brule.fr\\\/index.php\\\/mentions-legales\\\/\"]}]},{\"@type\":\"BreadcrumbList\",\"@id\":\"https:\\\/\\\/asnb.brule.fr\\\/index.php\\\/mentions-legales\\\/#breadcrumb\",\"itemListElement\":[{\"@type\":\"ListItem\",\"position\":1,\"name\":\"Accueil\",\"item\":\"https:\\\/\\\/asnb.brule.fr\\\/\"},{\"@type\":\"ListItem\",\"position\":2,\"name\":\"Mentions l\u00e9gales\"}]},{\"@type\":\"WebSite\",\"@id\":\"https:\\\/\\\/asnb.brule.fr\\\/#website\",\"url\":\"https:\\\/\\\/asnb.brule.fr\\\/\",\"name\":\"Assurances Serge No\u00ebl BRULE\",\"description\":\"Courtier en assurances\",\"publisher\":{\"@id\":\"https:\\\/\\\/asnb.brule.fr\\\/#organization\"},\"potentialAction\":[{\"@type\":\"SearchAction\",\"target\":{\"@type\":\"EntryPoint\",\"urlTemplate\":\"https:\\\/\\\/asnb.brule.fr\\\/?s={search_term_string}\"},\"query-input\":{\"@type\":\"PropertyValueSpecification\",\"valueRequired\":true,\"valueName\":\"search_term_string\"}}],\"inLanguage\":\"fr-FR\"},{\"@type\":\"Organization\",\"@id\":\"https:\\\/\\\/asnb.brule.fr\\\/#organization\",\"name\":\"Assurances Serge No\u00ebl BRULE\",\"url\":\"https:\\\/\\\/asnb.brule.fr\\\/\",\"logo\":{\"@type\":\"ImageObject\",\"inLanguage\":\"fr-FR\",\"@id\":\"https:\\\/\\\/asnb.brule.fr\\\/#\\\/schema\\\/logo\\\/image\\\/\",\"url\":\"https:\\\/\\\/asnb.brule.fr\\\/wp-content\\\/uploads\\\/2022\\\/04\\\/Logo-ASNB-Web.gif\",\"contentUrl\":\"https:\\\/\\\/asnb.brule.fr\\\/wp-content\\\/uploads\\\/2022\\\/04\\\/Logo-ASNB-Web.gif\",\"width\":359,\"height\":324,\"caption\":\"Assurances Serge No\u00ebl BRULE\"},\"image\":{\"@id\":\"https:\\\/\\\/asnb.brule.fr\\\/#\\\/schema\\\/logo\\\/image\\\/\"}}]}<\/script>\n<!-- \/ Yoast SEO plugin. -->","yoast_head_json":{"title":"Mentions l\u00e9gales - Assurances Serge No\u00ebl BRULE","robots":{"index":"index","follow":"follow","max-snippet":"max-snippet:-1","max-image-preview":"max-image-preview:large","max-video-preview":"max-video-preview:-1"},"canonical":"https:\/\/asnb.brule.fr\/index.php\/mentions-legales\/","og_locale":"fr_FR","og_type":"article","og_title":"Mentions l\u00e9gales - Assurances Serge No\u00ebl BRULE","og_description":"\u00c9diteur&nbsp; Vous \u00eates actuellement connect\u00e9 \u00e0 l\u2019un des sites web du cabinet Assces Serge No\u00ebl Brul\u00e948, all\u00e9e Balzac &nbsp;93320 Les Pavillons sous Bois Responsable du &hellip;","og_url":"https:\/\/asnb.brule.fr\/index.php\/mentions-legales\/","og_site_name":"Assurances Serge No\u00ebl BRULE","article_modified_time":"2022-05-13T16:06:59+00:00","twitter_card":"summary_large_image","twitter_misc":{"Dur\u00e9e de lecture estim\u00e9e":"3 minutes"},"schema":{"@context":"https:\/\/schema.org","@graph":[{"@type":"WebPage","@id":"https:\/\/asnb.brule.fr\/index.php\/mentions-legales\/","url":"https:\/\/asnb.brule.fr\/index.php\/mentions-legales\/","name":"Mentions l\u00e9gales - Assurances Serge No\u00ebl BRULE","isPartOf":{"@id":"https:\/\/asnb.brule.fr\/#website"},"datePublished":"2022-05-03T16:20:29+00:00","dateModified":"2022-05-13T16:06:59+00:00","breadcrumb":{"@id":"https:\/\/asnb.brule.fr\/index.php\/mentions-legales\/#breadcrumb"},"inLanguage":"fr-FR","potentialAction":[{"@type":"ReadAction","target":["https:\/\/asnb.brule.fr\/index.php\/mentions-legales\/"]}]},{"@type":"BreadcrumbList","@id":"https:\/\/asnb.brule.fr\/index.php\/mentions-legales\/#breadcrumb","itemListElement":[{"@type":"ListItem","position":1,"name":"Accueil","item":"https:\/\/asnb.brule.fr\/"},{"@type":"ListItem","position":2,"name":"Mentions l\u00e9gales"}]},{"@type":"WebSite","@id":"https:\/\/asnb.brule.fr\/#website","url":"https:\/\/asnb.brule.fr\/","name":"Assurances Serge No\u00ebl BRULE","description":"Courtier en assurances","publisher":{"@id":"https:\/\/asnb.brule.fr\/#organization"},"potentialAction":[{"@type":"SearchAction","target":{"@type":"EntryPoint","urlTemplate":"https:\/\/asnb.brule.fr\/?s={search_term_string}"},"query-input":{"@type":"PropertyValueSpecification","valueRequired":true,"valueName":"search_term_string"}}],"inLanguage":"fr-FR"},{"@type":"Organization","@id":"https:\/\/asnb.brule.fr\/#organization","name":"Assurances Serge No\u00ebl BRULE","url":"https:\/\/asnb.brule.fr\/","logo":{"@type":"ImageObject","inLanguage":"fr-FR","@id":"https:\/\/asnb.brule.fr\/#\/schema\/logo\/image\/","url":"https:\/\/asnb.brule.fr\/wp-content\/uploads\/2022\/04\/Logo-ASNB-Web.gif","contentUrl":"https:\/\/asnb.brule.fr\/wp-content\/uploads\/2022\/04\/Logo-ASNB-Web.gif","width":359,"height":324,"caption":"Assurances Serge No\u00ebl BRULE"},"image":{"@id":"https:\/\/asnb.brule.fr\/#\/schema\/logo\/image\/"}}]}},"_links":{"self":[{"href":"https:\/\/asnb.brule.fr\/index.php\/wp-json\/wp\/v2\/pages\/499","targetHints":{"allow":["GET"]}}],"collection":[{"href":"https:\/\/asnb.brule.fr\/index.php\/wp-json\/wp\/v2\/pages"}],"about":[{"href":"https:\/\/asnb.brule.fr\/index.php\/wp-json\/wp\/v2\/types\/page"}],"author":[{"embeddable":true,"href":"https:\/\/asnb.brule.fr\/index.php\/wp-json\/wp\/v2\/users\/1"}],"replies":[{"embeddable":true,"href":"https:\/\/asnb.brule.fr\/index.php\/wp-json\/wp\/v2\/comments?post=499"}],"version-history":[{"count":13,"href":"https:\/\/asnb.brule.fr\/index.php\/wp-json\/wp\/v2\/pages\/499\/revisions"}],"predecessor-version":[{"id":615,"href":"https:\/\/asnb.brule.fr\/index.php\/wp-json\/wp\/v2\/pages\/499\/revisions\/615"}],"wp:attachment":[{"href":"https:\/\/asnb.brule.fr\/index.php\/wp-json\/wp\/v2\/media?parent=499"}],"curies":[{"name":"wp","href":"https:\/\/api.w.org\/{rel}","templated":true}]}}